{"id":1585,"date":"2025-12-18T02:18:46","date_gmt":"2025-12-18T02:18:46","guid":{"rendered":"https:\/\/skytourmedellin.com\/?page_id=1585"},"modified":"2025-12-27T03:58:01","modified_gmt":"2025-12-27T03:58:01","slug":"quienes-somos","status":"publish","type":"page","link":"https:\/\/skytourmedellin.com\/en\/quienes-somos\/","title":{"rendered":"About us"},"content":{"rendered":"<div data-elementor-type=\"wp-page\" data-elementor-id=\"1585\" class=\"elementor elementor-1585\">\n\t\t\t\t<div class=\"elementor-element elementor-element-d3ed3e0 e-flex e-con-boxed e-con e-parent\" data-id=\"d3ed3e0\" data-element_type=\"container\">\n\t\t\t\t\t<div class=\"e-con-inner\">\n\t\t<div class=\"elementor-element elementor-element-c8a5228 e-con-full e-flex e-con e-child\" data-id=\"c8a5228\" data-element_type=\"container\">\n\t\t\t\t<div class=\"elementor-element elementor-element-991ffec elementor-widget elementor-widget-text-editor\" data-id=\"991ffec\" data-element_type=\"widget\" data-widget_type=\"text-editor.default\">\n\t\t\t\t\t\t\t\t\tParagliding isn\u2019t something I learned to work\u2014it\u2019s a passion <strong>I\u2019ve been enjoying in the skies for over 20 years.\n<\/strong><br>I\u2019m <strong>Juan Gonzalo Betancur<\/strong>, a paraglider since 2005, with multiple awards in national and international paragliding competitions.\t\t\t\t\t\t\t\t<\/div>\n\t\t\t\t<\/div>\n\t\t\t\t\t<\/div>\n\t\t\t\t<\/div>\n\t\t<div class=\"elementor-element elementor-element-3e56ed0 e-flex e-con-boxed e-con e-parent\" data-id=\"3e56ed0\" data-element_type=\"container\">\n\t\t\t\t\t<div class=\"e-con-inner\">\n\t\t\t\t<div class=\"elementor-element elementor-element-3ef0488 elementor-widget elementor-widget-image\" data-id=\"3ef0488\" data-element_type=\"widget\" data-widget_type=\"image.default\">\n\t\t\t\t\t\t\t\t\t\t\t\t\t\t\t<img fetchpriority=\"high\" decoding=\"async\" width=\"1024\" height=\"683\" src=\"https:\/\/skytourmedellin.com\/wp-content\/uploads\/2025\/12\/183727-1024x683.jpg\" class=\"attachment-large size-large wp-image-1713\" alt=\"\" srcset=\"https:\/\/skytourmedellin.com\/wp-content\/uploads\/2025\/12\/183727-1024x683.jpg 1024w, https:\/\/skytourmedellin.com\/wp-content\/uploads\/2025\/12\/183727-300x200.jpg 300w, https:\/\/skytourmedellin.com\/wp-content\/uploads\/2025\/12\/183727-768x512.jpg 768w, https:\/\/skytourmedellin.com\/wp-content\/uploads\/2025\/12\/183727-18x12.jpg 18w, https:\/\/skytourmedellin.com\/wp-content\/uploads\/2025\/12\/183727.jpg 1280w\" sizes=\"(max-width: 1024px) 100vw, 1024px\" \/>\t\t\t\t\t\t\t\t\t\t\t\t\t\t\t<\/div>\n\t\t\t\t\t<\/div>\n\t\t\t\t<\/div>\n\t\t<div class=\"elementor-element elementor-element-96a2cf5 e-flex e-con-boxed e-con e-parent\" data-id=\"96a2cf5\" data-element_type=\"container\" data-settings=\"{&quot;background_background&quot;:&quot;classic&quot;}\">\n\t\t\t\t\t<div class=\"e-con-inner\">\n\t\t\t\t<div class=\"elementor-element elementor-element-26afe4d elementor-widget elementor-widget-text-editor\" data-id=\"26afe4d\" data-element_type=\"widget\" data-widget_type=\"text-editor.default\">\n\t\t\t\t\t\t\t\t\t<h3><strong>Main Sporting Achievements<\/strong><\/h3>\n<strong>\ud83e\udd49 Third Place \u2013 Sport Category \/ Colombia<\/strong><br>\nRoldanillo 2023 \u00b7 World Qualifier, France\n<br><br>\n<strong>\ud83c\udfc5 BGD Weightless Roldanillo 2020<\/strong>\n<br>15 Super Class \u00b7 Best Colombian and Latin American in Competition<br><br>\n\n<strong>\ud83e\udd49 Third Place \u2013 Sport Category<\/strong>\n<br>Roldanillo 2018 \u00b7 First National Round<br><br>\n\n<strong>\ud83e\udd47 National Round Champion \u2013 Sport Category<\/strong><br>\nSopetr\u00e1n 2016 \u00b7 Open Colombia Western Cup<br><br>\n\n<strong>\ud83e\udd48 Runner-up \u2013 OPEN Category<\/strong><br>\nSopetr\u00e1n 2016 \u00b7 Open Colombia Western Cup<br><br>\n\n<strong>\ud83e\udd48 Runner-up \u2013 Serial Category<\/strong>\n<br>San F\u00e9lix 2013 \u00b7 Open Colombia Western Cup<br><br>\n\n<strong>\ud83c\udfc5 4th Place \u2013 Sport Category<\/strong>\n<br>Roldanillo 2010 \u00b7 Pre Paragliding World Cup\n\n<strong>\u00a0<\/strong>\t\t\t\t\t\t\t\t<\/div>\n\t\t\t\t\t<\/div>\n\t\t\t\t<\/div>\n\t\t<div class=\"elementor-element elementor-element-296e068 e-flex e-con-boxed e-con e-parent\" data-id=\"296e068\" data-element_type=\"container\">\n\t\t\t\t\t<div class=\"e-con-inner\">\n\t\t\t\t<div class=\"elementor-element elementor-element-d96ec10 elementor-widget elementor-widget-text-editor\" data-id=\"d96ec10\" data-element_type=\"widget\" data-widget_type=\"text-editor.default\">\n\t\t\t\t\t\t\t\t\tWith me or an expert pilot\u2014and carefully selected\u2014you\u2019ll walk among the clouds.\t\t\t\t\t\t\t\t<\/div>\n\t\t\t\t\t<\/div>\n\t\t\t\t<\/div>\n\t\t<div class=\"elementor-element elementor-element-55b6eb6 e-flex e-con-boxed e-con e-parent\" data-id=\"55b6eb6\" data-element_type=\"container\">\n\t\t\t\t\t<div class=\"e-con-inner\">\n\t\t\t\t<div class=\"elementor-element elementor-element-a1f0719 elementor-mobile-align-center elementor-widget elementor-widget-button\" data-id=\"a1f0719\" data-element_type=\"widget\" data-widget_type=\"button.default\">\n\t\t\t\t\t\t\t\t\t\t<a class=\"elementor-button elementor-button-link elementor-size-sm\" href=\"https:\/\/wa.me\/573007495539?text=Hello, I\u2019d like to book my paragliding flight with Skytour Medell\u00edn. My name is:\">\n\t\t\t\t\t\t<span class=\"elementor-button-content-wrapper\">\n\t\t\t\t\t\t\t\t\t<span class=\"elementor-button-text\">Book Now<\/span>\n\t\t\t\t\t<\/span>\n\t\t\t\t\t<\/a>\n\t\t\t\t\t\t\t\t<\/div>\n\t\t\t\t\t<\/div>\n\t\t\t\t<\/div>\n\t\t<div class=\"elementor-element elementor-element-e84e032 e-flex e-con-boxed e-con e-parent\" data-id=\"e84e032\" data-element_type=\"container\">\n\t\t\t\t\t<div class=\"e-con-inner\">\n\t\t\t\t<div class=\"elementor-element elementor-element-6825d47 elementor-widget elementor-widget-text-editor\" data-id=\"6825d47\" data-element_type=\"widget\" data-widget_type=\"text-editor.default\">\n\t\t\t\t\t\t\t\t\t<blockquote style=\"font-family: Helvetica, Arial, sans-serif; font-style: italic; font-weight: 400; color: #444; max-width: 720px; margin: 40px auto; line-height: 1.6; text-align: center;\">\"Once you\u2019ve experienced the flight, you\u2019ll walk on Earth forever with your eyes fixed on the sky, because you\u2019ve been there and will always long to return.\" <strong style=\"font-style: normal;\"><br><br>Leonardo da Vinci<\/strong><\/blockquote>\t\t\t\t\t\t\t\t<\/div>\n\t\t\t\t\t<\/div>\n\t\t\t\t<\/div>\n\t\t\t\t<\/div>","protected":false},"excerpt":{"rendered":"<p>Volar en parapente no es algo que aprend\u00ed para trabajar, es una pasi\u00f3n en la que llevo m\u00e1s de 20 [&hellip;]<\/p>","protected":false},"author":1,"featured_media":0,"parent":0,"menu_order":0,"comment_status":"closed","ping_status":"closed","template":"","meta":{"site-sidebar-layout":"no-sidebar","site-content-layout":"","ast-site-content-layout":"full-width-container","site-content-style":"default","site-sidebar-style":"default","ast-global-header-display":"","ast-banner-title-visibility":"","ast-main-header-display":"","ast-hfb-above-header-display":"","ast-hfb-below-header-display":"","ast-hfb-mobile-header-display":"","site-post-title":"","ast-breadcrumbs-content":"","ast-featured-img":"disabled","footer-sml-layout":"","theme-transparent-header-meta":"","adv-header-id-meta":"","stick-header-meta":"","header-above-stick-meta":"","header-main-stick-meta":"","header-below-stick-meta":"","astra-migrate-meta-layouts":"default","ast-page-background-enabled":"default","ast-page-background-meta":{"desktop":{"background-color":"var(--ast-global-color-5)","background-image":"","background-repeat":"repeat","background-position":"center center","background-size":"auto","background-attachment":"scroll","background-type":"","background-media":"","overlay-type":"","overlay-color":"","overlay-opacity":"","overlay-gradient":""},"tablet":{"background-color":"","background-image":"","background-repeat":"repeat","background-position":"center center","background-size":"auto","background-attachment":"scroll","background-type":"","background-media":"","overlay-type":"","overlay-color":"","overlay-opacity":"","overlay-gradient":""},"mobile":{"background-color":"","background-image":"","background-repeat":"repeat","background-position":"center center","background-size":"auto","background-attachment":"scroll","background-type":"","background-media":"","overlay-type":"","overlay-color":"","overlay-opacity":"","overlay-gradient":""}},"ast-content-background-meta":{"desktop":{"background-color":"var(--ast-global-color-4)","background-image":"","background-repeat":"repeat","background-position":"center center","background-size":"auto","background-attachment":"scroll","background-type":"","background-media":"","overlay-type":"","overlay-color":"","overlay-opacity":"","overlay-gradient":""},"tablet":{"background-color":"var(--ast-global-color-4)","background-image":"","background-repeat":"repeat","background-position":"center center","background-size":"auto","background-attachment":"scroll","background-type":"","background-media":"","overlay-type":"","overlay-color":"","overlay-opacity":"","overlay-gradient":""},"mobile":{"background-color":"var(--ast-global-color-4)","background-image":"","background-repeat":"repeat","background-position":"center center","background-size":"auto","background-attachment":"scroll","background-type":"","background-media":"","overlay-type":"","overlay-color":"","overlay-opacity":"","overlay-gradient":""}},"_joinchat":[],"footnotes":""},"class_list":["post-1585","page","type-page","status-publish","hentry"],"_hostinger_reach_plugin_has_subscription_block":false,"_hostinger_reach_plugin_is_elementor":false,"_links":{"self":[{"href":"https:\/\/skytourmedellin.com\/en\/wp-json\/wp\/v2\/pages\/1585","targetHints":{"allow":["GET"]}}],"collection":[{"href":"https:\/\/skytourmedellin.com\/en\/wp-json\/wp\/v2\/pages"}],"about":[{"href":"https:\/\/skytourmedellin.com\/en\/wp-json\/wp\/v2\/types\/page"}],"author":[{"embeddable":true,"href":"https:\/\/skytourmedellin.com\/en\/wp-json\/wp\/v2\/users\/1"}],"replies":[{"embeddable":true,"href":"https:\/\/skytourmedellin.com\/en\/wp-json\/wp\/v2\/comments?post=1585"}],"version-history":[{"count":103,"href":"https:\/\/skytourmedellin.com\/en\/wp-json\/wp\/v2\/pages\/1585\/revisions"}],"predecessor-version":[{"id":1857,"href":"https:\/\/skytourmedellin.com\/en\/wp-json\/wp\/v2\/pages\/1585\/revisions\/1857"}],"wp:attachment":[{"href":"https:\/\/skytourmedellin.com\/en\/wp-json\/wp\/v2\/media?parent=1585"}],"curies":[{"name":"wp","href":"https:\/\/api.w.org\/{rel}","templated":true}]}}